{"id":1601,"date":"2026-02-19T11:56:11","date_gmt":"2026-02-19T11:56:11","guid":{"rendered":"https:\/\/sb.weshapers.com\/termos-de-utilizacao\/"},"modified":"2026-02-21T13:02:13","modified_gmt":"2026-02-21T13:02:13","slug":"termos-de-utilizacao","status":"publish","type":"page","link":"https:\/\/sb.weshapers.com\/pt-pt\/termos-de-utilizacao\/","title":{"rendered":"Termos de utiliza\u00e7\u00e3o"},"content":{"rendered":"\t\t<div data-elementor-type=\"wp-page\" data-elementor-id=\"1601\" class=\"elementor elementor-1601 elementor-1358\" data-elementor-post-type=\"page\">\n\t\t\t\t<div class=\"elementor-element elementor-element-512f9d9 e-con-full legal-a e-flex e-con e-parent\" data-id=\"512f9d9\" data-element_type=\"container\" data-e-type=\"container\">\n\t\t<div class=\"elementor-element elementor-element-54b8446 e-con-full e-flex e-con e-child\" data-id=\"54b8446\" data-element_type=\"container\" data-e-type=\"container\">\n\t\t\t\t<div class=\"elementor-element elementor-element-b3482d6 elementor-widget elementor-widget-heading\" data-id=\"b3482d6\" data-element_type=\"widget\" data-e-type=\"widget\" data-widget_type=\"heading.default\">\n\t\t\t\t\t<h2 class=\"elementor-heading-title elementor-size-default\">Termos de utiliza\u00e7\u00e3o<\/h2>\t\t\t\t<\/div>\n\t\t\t\t<\/div>\n\t\t<div class=\"elementor-element elementor-element-a784948 e-flex e-con-boxed e-con e-child\" data-id=\"a784948\" data-element_type=\"container\" data-e-type=\"container\">\n\t\t\t\t\t<div class=\"e-con-inner\">\n\t\t\t\t<div class=\"elementor-element elementor-element-d9aa719 elementor-widget elementor-widget-heading\" data-id=\"d9aa719\" data-element_type=\"widget\" data-e-type=\"widget\" data-widget_type=\"heading.default\">\n\t\t\t\t\t<h2 class=\"elementor-heading-title elementor-size-default\">1. PROPRIEDADE DO SITE<\/h2>\t\t\t\t<\/div>\n\t\t\t\t<div class=\"elementor-element elementor-element-2ff016a elementor-widget elementor-widget-text-editor\" data-id=\"2ff016a\" data-element_type=\"widget\" data-e-type=\"widget\" data-widget_type=\"text-editor.default\">\n\t\t\t\t\t\t\t\t\t<p class=\"p1\">O Site somethingborrowed.pt foi criado, pertence e \u00e9 operado pela empresa Botica Perdig\u00e3o, Lda. (\u201cSomething Borrowed\u201d), com sede em Av. D. Leonor Fernandes, Lt 15, 7005-144 \u00c9vora, e NIF: 509 141 072.<\/p>\t\t\t\t\t\t\t\t<\/div>\n\t\t\t\t\t<\/div>\n\t\t\t\t<\/div>\n\t\t<div class=\"elementor-element elementor-element-33bc978 e-flex e-con-boxed e-con e-child\" data-id=\"33bc978\" data-element_type=\"container\" data-e-type=\"container\">\n\t\t\t\t\t<div class=\"e-con-inner\">\n\t\t\t\t<div class=\"elementor-element elementor-element-38f1da4 elementor-widget elementor-widget-heading\" data-id=\"38f1da4\" data-element_type=\"widget\" data-e-type=\"widget\" data-widget_type=\"heading.default\">\n\t\t\t\t\t<h2 class=\"elementor-heading-title elementor-size-default\">2. INFORMA\u00c7\u00c3O DISPON\u00cdVEL NO SITE<\/h2>\t\t\t\t<\/div>\n\t\t\t\t<div class=\"elementor-element elementor-element-b0c4377 elementor-widget elementor-widget-text-editor\" data-id=\"b0c4377\" data-element_type=\"widget\" data-e-type=\"widget\" data-widget_type=\"text-editor.default\">\n\t\t\t\t\t\t\t\t\t<p class=\"p1\">O Site Something Borrowed \u00e9 um site de apresenta\u00e7\u00e3o dos servi\u00e7os da empresa Botica Perdig\u00e3o, Lda.<\/p><p class=\"p1\">O Site cont\u00e9m uma cuidadosa sele\u00e7\u00e3o de conte\u00fados produzidos e editados pela equipa da Something Borrowed, com o objetivo de apresentar a empresa, divulgar os seus contactos e servi\u00e7os de planeamento de casamentos de destino, e informar os visitantes sobre as v\u00e1rias op\u00e7\u00f5es que poder\u00e3o contratar.<\/p>\t\t\t\t\t\t\t\t<\/div>\n\t\t\t\t\t<\/div>\n\t\t\t\t<\/div>\n\t\t<div class=\"elementor-element elementor-element-41f6079 e-flex e-con-boxed e-con e-child\" data-id=\"41f6079\" data-element_type=\"container\" data-e-type=\"container\">\n\t\t\t\t\t<div class=\"e-con-inner\">\n\t\t\t\t<div class=\"elementor-element elementor-element-c475426 elementor-widget elementor-widget-heading\" data-id=\"c475426\" data-element_type=\"widget\" data-e-type=\"widget\" data-widget_type=\"heading.default\">\n\t\t\t\t\t<h2 class=\"elementor-heading-title elementor-size-default\">3. ACESSO E UTILIZA\u00c7\u00c3O DO SITE<\/h2>\t\t\t\t<\/div>\n\t\t\t\t<div class=\"elementor-element elementor-element-5b37c9b elementor-widget elementor-widget-text-editor\" data-id=\"5b37c9b\" data-element_type=\"widget\" data-e-type=\"widget\" data-widget_type=\"text-editor.default\">\n\t\t\t\t\t\t\t\t\t<p class=\"p1\">O acesso ao Site \u00e9 livre, universal e gratuito, podendo o Utilizador navegar pelos conte\u00fados sem necessidade de registo. <\/p><p class=\"p1\">Quando utiliza o Site, o Utilizador compromete-se a cumprir as leis aplic\u00e1veis, abstendo-se de o utilizar para atividades contr\u00e1rias \u00e0 lei, \u00e0 moral e bons costumes, a direitos e interesses de terceiros. <\/p><p class=\"p1\">O Utilizador pode estabelecer contacto com a Something Borrowed, atrav\u00e9s n\u00famero de telefone e e-mail indicados, e preenchendo o formul\u00e1rio de contacto com o seu nome, e-mail e a mensagem que pretende transmitir. Essa correspond\u00eancia \u00e9 estabelecida diretamente entre o Utilizador e a Something Borrowed. <\/p><p class=\"p1\">A Something Borrowed tem o direito exclusivo de, a todo o tempo, suspender, parcial ou totalmente, o acesso ao Site, em especial nas opera\u00e7\u00f5es de gest\u00e3o, manuten\u00e7\u00e3o, repara\u00e7\u00e3o, altera\u00e7\u00e3o ou moderniza\u00e7\u00e3o e de encerrar o Site, definitiva ou temporariamente, parcial ou totalmente, a qualquer momento, sem aviso pr\u00e9vio e sem que seja devida qualquer compensa\u00e7\u00e3o, a qualquer t\u00edtulo, ao Utilizador. <\/p><p class=\"p1\">Em caso de utiliza\u00e7\u00e3o abusiva do Site ou de desrespeito de qualquer disposi\u00e7\u00e3o prevista nos presentes Termos de Utiliza\u00e7\u00e3o ou na legisla\u00e7\u00e3o aplic\u00e1vel, a Something Borrowed reserva-se o direito de suspender ou impedir o acesso do Utilizador ao Site e de promover as medidas legais adequadas.<\/p>\t\t\t\t\t\t\t\t<\/div>\n\t\t\t\t\t<\/div>\n\t\t\t\t<\/div>\n\t\t<div class=\"elementor-element elementor-element-646721f e-flex e-con-boxed e-con e-child\" data-id=\"646721f\" data-element_type=\"container\" data-e-type=\"container\">\n\t\t\t\t\t<div class=\"e-con-inner\">\n\t\t\t\t<div class=\"elementor-element elementor-element-0466c67 elementor-widget elementor-widget-heading\" data-id=\"0466c67\" data-element_type=\"widget\" data-e-type=\"widget\" data-widget_type=\"heading.default\">\n\t\t\t\t\t<h2 class=\"elementor-heading-title elementor-size-default\">4. PRIVACIDADE<\/h2>\t\t\t\t<\/div>\n\t\t\t\t<div class=\"elementor-element elementor-element-f0213b2 elementor-widget elementor-widget-text-editor\" data-id=\"f0213b2\" data-element_type=\"widget\" data-e-type=\"widget\" data-widget_type=\"text-editor.default\">\n\t\t\t\t\t\t\t\t\t<p class=\"p1\">O acesso e navega\u00e7\u00e3o no Site n\u00e3o exige a disponibiliza\u00e7\u00e3o de dados pessoais pelo Utilizador. No entanto, existem funcionalidades, como o envio de mensagens atrav\u00e9s do formul\u00e1rio de contacto que requerem que o Utilizador faculte alguns dados pessoais, como o nome, endere\u00e7o de e-mail e contacto telef\u00f3nico. Esses dados ser\u00e3o tratados de acordo com as regras definidas na nossa <span class=\"s1\"><a href=\"https:\/\/sb.weshapers.com\/pt-pt\/politica-de-privacidade\/\" target=\"_blank\" rel=\"noopener\">POL\u00cdTICA DE PRIVACIDADE<\/a><\/span><\/p>\t\t\t\t\t\t\t\t<\/div>\n\t\t\t\t\t<\/div>\n\t\t\t\t<\/div>\n\t\t<div class=\"elementor-element elementor-element-48a6af7 e-flex e-con-boxed e-con e-child\" data-id=\"48a6af7\" data-element_type=\"container\" data-e-type=\"container\">\n\t\t\t\t\t<div class=\"e-con-inner\">\n\t\t\t\t<div class=\"elementor-element elementor-element-0a201b6 elementor-widget elementor-widget-heading\" data-id=\"0a201b6\" data-element_type=\"widget\" data-e-type=\"widget\" data-widget_type=\"heading.default\">\n\t\t\t\t\t<h2 class=\"elementor-heading-title elementor-size-default\">5. PROPRIEDADE INTELECTUAL<\/h2>\t\t\t\t<\/div>\n\t\t\t\t<div class=\"elementor-element elementor-element-5d0cfa3 elementor-widget elementor-widget-text-editor\" data-id=\"5d0cfa3\" data-element_type=\"widget\" data-e-type=\"widget\" data-widget_type=\"text-editor.default\">\n\t\t\t\t\t\t\t\t\t<p class=\"p1\">O Utilizador reconhece que os conte\u00fados deste Site est\u00e3o protegidos por direitos de propriedade intelectual, ao abrigo das leis portuguesas e da Uni\u00e3o Europeia, e obriga-se a respeitar esses direitos. <\/p><p class=\"p1\">Todos os conte\u00fados do Site, incluindo textos, imagens, som, anima\u00e7\u00e3o e outros elementos gr\u00e1ficos, como marcas, log\u00f3tipos e s\u00edmbolos, bem como a disposi\u00e7\u00e3o e a estrutura do Site s\u00e3o propriedade intelectual ou foram devidamente licenciados a favor da Something Borrowed, n\u00e3o podendo ser utilizados fora das condi\u00e7\u00f5es de uso livre permitidas por lei sem a autoriza\u00e7\u00e3o pr\u00e9via e escrita Something Borrowed. <\/p><p class=\"p2\">Os pedidos de autoriza\u00e7\u00e3o para a utiliza\u00e7\u00e3o dos conte\u00fados do Site devem ser enviados para o e-mail <a href=\"mailto:teresa.perdigao@somethingborrowed.pt\"><span class=\"s1\">teresa.perdigao@somethingborrowed.pt<\/span><\/a><span class=\"s2\">.<\/span><\/p>\t\t\t\t\t\t\t\t<\/div>\n\t\t\t\t\t<\/div>\n\t\t\t\t<\/div>\n\t\t<div class=\"elementor-element elementor-element-f16b5f4 e-flex e-con-boxed e-con e-child\" data-id=\"f16b5f4\" data-element_type=\"container\" data-e-type=\"container\">\n\t\t\t\t\t<div class=\"e-con-inner\">\n\t\t\t\t<div class=\"elementor-element elementor-element-1b743d6 elementor-widget elementor-widget-heading\" data-id=\"1b743d6\" data-element_type=\"widget\" data-e-type=\"widget\" data-widget_type=\"heading.default\">\n\t\t\t\t\t<h2 class=\"elementor-heading-title elementor-size-default\">6. RESPONSABILIDADE<\/h2>\t\t\t\t<\/div>\n\t\t\t\t<div class=\"elementor-element elementor-element-143141f elementor-widget elementor-widget-text-editor\" data-id=\"143141f\" data-element_type=\"widget\" data-e-type=\"widget\" data-widget_type=\"text-editor.default\">\n\t\t\t\t\t\t\t\t\t<p class=\"p1\">As informa\u00e7\u00f5es apresentadas no Site foram cuidadosamente verificadas antes de serem publicadas. No entanto, n\u00e3o \u00e9 de excluir a possibilidade de conterem erros ou imprecis\u00f5es, pelo que o Utilizador dever\u00e1 consider\u00e1-las meramente indicativas. <\/p><p class=\"p1\">A Something Borrowed n\u00e3o ser\u00e1 respons\u00e1vel por erros nos conte\u00fados publicados, por irregularidades ou falhas no funcionamento do Site ou por quaisquer danos que resultem da utiliza\u00e7\u00e3o indevida ou da impossibilidade de utiliza\u00e7\u00e3o do Site.<\/p>\t\t\t\t\t\t\t\t<\/div>\n\t\t\t\t\t<\/div>\n\t\t\t\t<\/div>\n\t\t<div class=\"elementor-element elementor-element-51e446b e-flex e-con-boxed e-con e-child\" data-id=\"51e446b\" data-element_type=\"container\" data-e-type=\"container\">\n\t\t\t\t\t<div class=\"e-con-inner\">\n\t\t\t\t<div class=\"elementor-element elementor-element-a0cda9c elementor-widget elementor-widget-heading\" data-id=\"a0cda9c\" data-element_type=\"widget\" data-e-type=\"widget\" data-widget_type=\"heading.default\">\n\t\t\t\t\t<h2 class=\"elementor-heading-title elementor-size-default\">7. LIGA\u00c7\u00d5ES A P\u00c1GINAS DE TERCEIROS<\/h2>\t\t\t\t<\/div>\n\t\t\t\t<div class=\"elementor-element elementor-element-0794a1e elementor-widget elementor-widget-text-editor\" data-id=\"0794a1e\" data-element_type=\"widget\" data-e-type=\"widget\" data-widget_type=\"text-editor.default\">\n\t\t\t\t\t\t\t\t\t<p class=\"p1\">O Site poder\u00e1 disponibilizar liga\u00e7\u00f5es para p\u00e1ginas de outras entidades. Essas p\u00e1ginas n\u00e3o pertencem, nem s\u00e3o controladas pela Something Borrowed, pelo que a Something Borrowed n\u00e3o assume qualquer responsabilidade pelo conte\u00fado ou pelas pr\u00e1ticas de privacidade dessas p\u00e1ginas ou das p\u00e1ginas com elas ligadas ou referidas. Quando utilizar as liga\u00e7\u00f5es disponibilizadas para aceder a p\u00e1ginas externas, o Utilizador dever\u00e1 consultar as pol\u00edticas de privacidade das entidades respons\u00e1veis por esses sites, bem como os termos de utiliza\u00e7\u00e3o desses sites.<\/p>\t\t\t\t\t\t\t\t<\/div>\n\t\t\t\t\t<\/div>\n\t\t\t\t<\/div>\n\t\t<div class=\"elementor-element elementor-element-1566d76 e-flex e-con-boxed e-con e-child\" data-id=\"1566d76\" data-element_type=\"container\" data-e-type=\"container\">\n\t\t\t\t\t<div class=\"e-con-inner\">\n\t\t\t\t<div class=\"elementor-element elementor-element-5625e28 elementor-widget elementor-widget-heading\" data-id=\"5625e28\" data-element_type=\"widget\" data-e-type=\"widget\" data-widget_type=\"heading.default\">\n\t\t\t\t\t<h2 class=\"elementor-heading-title elementor-size-default\">8. LEI APLIC\u00c1VEL<\/h2>\t\t\t\t<\/div>\n\t\t\t\t<div class=\"elementor-element elementor-element-b406efe elementor-widget elementor-widget-text-editor\" data-id=\"b406efe\" data-element_type=\"widget\" data-e-type=\"widget\" data-widget_type=\"text-editor.default\">\n\t\t\t\t\t\t\t\t\t<p class=\"p1\">Estes Termos de Utiliza\u00e7\u00e3o do Site encontram-se sujeitos \u00e0 lei portuguesa Para dirimir todas as quest\u00f5es e lit\u00edgios que possam surgir \u00e9 competente em exclusivo o foro da Comarca de Lisboa, com expressa ren\u00fancia a qualquer outro.<\/p>\t\t\t\t\t\t\t\t<\/div>\n\t\t\t\t\t<\/div>\n\t\t\t\t<\/div>\n\t\t<div class=\"elementor-element elementor-element-27a7518 e-flex e-con-boxed e-con e-child\" data-id=\"27a7518\" data-element_type=\"container\" data-e-type=\"container\">\n\t\t\t\t\t<div class=\"e-con-inner\">\n\t\t\t\t<div class=\"elementor-element elementor-element-f488a4c elementor-widget elementor-widget-heading\" data-id=\"f488a4c\" data-element_type=\"widget\" data-e-type=\"widget\" data-widget_type=\"heading.default\">\n\t\t\t\t\t<h2 class=\"elementor-heading-title elementor-size-default\">9. CONTACTO<\/h2>\t\t\t\t<\/div>\n\t\t\t\t<div class=\"elementor-element elementor-element-2f6d6bd elementor-widget elementor-widget-text-editor\" data-id=\"2f6d6bd\" data-element_type=\"widget\" data-e-type=\"widget\" data-widget_type=\"text-editor.default\">\n\t\t\t\t\t\t\t\t\t<p class=\"p1\">Caso tenha alguma d\u00favida ou reclama\u00e7\u00e3o sobre este Site, o Utilizador poder\u00e1 contactar a Somthing Borrowed atrav\u00e9s do e-mail <span class=\"s1\"><a href=\"mailto:teresa.perdigao@somethingborrowed.pt\">teresa.perdigao@somethingborrowed.pt <\/a><\/span>ou do telefone +351 916 253 233<\/p>\t\t\t\t\t\t\t\t<\/div>\n\t\t\t\t\t<\/div>\n\t\t\t\t<\/div>\n\t\t\t\t<\/div>\n\t\t\t\t<\/div>\n\t\t","protected":false},"excerpt":{"rendered":"<p>Termos de utiliza\u00e7\u00e3o 1. PROPRIEDADE DO SITE O Site somethingborrowed.pt foi criado, pertence e \u00e9 operado pela empresa Botica Perdig\u00e3o, Lda. (\u201cSomething Borrowed\u201d), com sede em Av. D. Leonor Fernandes, Lt 15, 7005-144 \u00c9vora, e NIF: 509 141 072. 2. INFORMA\u00c7\u00c3O DISPON\u00cdVEL NO SITE O Site Something Borrowed \u00e9 um site de apresenta\u00e7\u00e3o dos servi\u00e7os [&hellip;]<\/p>\n","protected":false},"author":1,"featured_media":0,"parent":0,"menu_order":0,"comment_status":"closed","ping_status":"closed","template":"","meta":{"_acf_changed":false,"footnotes":""},"class_list":["post-1601","page","type-page","status-publish","hentry"],"acf":[],"_links":{"self":[{"href":"https:\/\/sb.weshapers.com\/pt-pt\/wp-json\/wp\/v2\/pages\/1601","targetHints":{"allow":["GET"]}}],"collection":[{"href":"https:\/\/sb.weshapers.com\/pt-pt\/wp-json\/wp\/v2\/pages"}],"about":[{"href":"https:\/\/sb.weshapers.com\/pt-pt\/wp-json\/wp\/v2\/types\/page"}],"author":[{"embeddable":true,"href":"https:\/\/sb.weshapers.com\/pt-pt\/wp-json\/wp\/v2\/users\/1"}],"replies":[{"embeddable":true,"href":"https:\/\/sb.weshapers.com\/pt-pt\/wp-json\/wp\/v2\/comments?post=1601"}],"version-history":[{"count":2,"href":"https:\/\/sb.weshapers.com\/pt-pt\/wp-json\/wp\/v2\/pages\/1601\/revisions"}],"predecessor-version":[{"id":1610,"href":"https:\/\/sb.weshapers.com\/pt-pt\/wp-json\/wp\/v2\/pages\/1601\/revisions\/1610"}],"wp:attachment":[{"href":"https:\/\/sb.weshapers.com\/pt-pt\/wp-json\/wp\/v2\/media?parent=1601"}],"curies":[{"name":"wp","href":"https:\/\/api.w.org\/{rel}","templated":true}]}}