{"id":1599,"date":"2026-02-20T10:49:45","date_gmt":"2026-02-20T10:49:45","guid":{"rendered":"https:\/\/sb.weshapers.com\/politica-de-privacidade\/"},"modified":"2026-02-21T13:01:45","modified_gmt":"2026-02-21T13:01:45","slug":"politica-de-privacidade","status":"publish","type":"page","link":"https:\/\/sb.weshapers.com\/pt-pt\/politica-de-privacidade\/","title":{"rendered":"Pol\u00edtica de Privacidade"},"content":{"rendered":"\t\t<div data-elementor-type=\"wp-page\" data-elementor-id=\"1599\" class=\"elementor elementor-1599 elementor-1373\" data-elementor-post-type=\"page\">\n\t\t\t\t<div class=\"elementor-element elementor-element-52fe563 e-con-full legal-a e-flex e-con e-parent\" data-id=\"52fe563\" data-element_type=\"container\" data-e-type=\"container\">\n\t\t<div class=\"elementor-element elementor-element-05b33fe e-con-full e-flex e-con e-child\" data-id=\"05b33fe\" data-element_type=\"container\" data-e-type=\"container\">\n\t\t\t\t<div class=\"elementor-element elementor-element-060b68a elementor-widget elementor-widget-heading\" data-id=\"060b68a\" data-element_type=\"widget\" data-e-type=\"widget\" data-widget_type=\"heading.default\">\n\t\t\t\t\t<h2 class=\"elementor-heading-title elementor-size-default\">Pol\u00edtica de Privacidade<\/h2>\t\t\t\t<\/div>\n\t\t\t\t<\/div>\n\t\t<div class=\"elementor-element elementor-element-f8480df e-flex e-con-boxed e-con e-child\" data-id=\"f8480df\" data-element_type=\"container\" data-e-type=\"container\">\n\t\t\t\t\t<div class=\"e-con-inner\">\n\t\t\t\t<div class=\"elementor-element elementor-element-87dab8f elementor-widget elementor-widget-heading\" data-id=\"87dab8f\" data-element_type=\"widget\" data-e-type=\"widget\" data-widget_type=\"heading.default\">\n\t\t\t\t\t<h2 class=\"elementor-heading-title elementor-size-default\">1. RESPONSABILIDADE PELO TRATAMENTO DOS DADOS<\/h2>\t\t\t\t<\/div>\n\t\t\t\t<div class=\"elementor-element elementor-element-e071df3 elementor-widget elementor-widget-text-editor\" data-id=\"e071df3\" data-element_type=\"widget\" data-e-type=\"widget\" data-widget_type=\"text-editor.default\">\n\t\t\t\t\t\t\t\t\t<p class=\"p1\">A entidade respons\u00e1vel pelo tratamento dos dados pessoais disponibilizados no site somethingborrowed.pt (\u201cSite\u201d) \u00e9 a empresa Botica Perdig\u00e3o, Lda. (\u201cSomething Borrowed\u201d), com sede em Av. D. Leonor Fernandes, Lt 15, 7005-144 \u00c9vora, e NIF: 509 141 072.<br><br><\/p><p class=\"p1\">Contactos: <\/p><p class=\"p1\">Telefone: +351 916 253 233<\/p><p class=\"p3\"><span class=\"s1\">Email: <a href=\"mailto:teresa.perdigao@somethingborrowed.pt\"><span class=\"s2\">teresa.perdigao@somethingborrowed.pt<\/span><\/a> <\/span><\/p>\t\t\t\t\t\t\t\t<\/div>\n\t\t\t\t\t<\/div>\n\t\t\t\t<\/div>\n\t\t<div class=\"elementor-element elementor-element-19b4d0f e-flex e-con-boxed e-con e-child\" data-id=\"19b4d0f\" data-element_type=\"container\" data-e-type=\"container\">\n\t\t\t\t\t<div class=\"e-con-inner\">\n\t\t\t\t<div class=\"elementor-element elementor-element-075db1f elementor-widget elementor-widget-heading\" data-id=\"075db1f\" data-element_type=\"widget\" data-e-type=\"widget\" data-widget_type=\"heading.default\">\n\t\t\t\t\t<h2 class=\"elementor-heading-title elementor-size-default\">2. DADOS QUE RECOLHEMOS, FINALIDADES E FUNDAMENTOS LEGAIS<\/h2>\t\t\t\t<\/div>\n\t\t\t\t<div class=\"elementor-element elementor-element-b566435 elementor-widget elementor-widget-text-editor\" data-id=\"b566435\" data-element_type=\"widget\" data-e-type=\"widget\" data-widget_type=\"text-editor.default\">\n\t\t\t\t\t\t\t\t\t<p class=\"p1\">A Something Borrowed trata dados pessoais, atrav\u00e9s do Site, nos seguintes contextos e condi\u00e7\u00f5es:<\/p>\t\t\t\t\t\t\t\t<\/div>\n\t\t\t\t<div class=\"elementor-element elementor-element-b2b9d44 elementor-widget elementor-widget-text-editor\" data-id=\"b2b9d44\" data-element_type=\"widget\" data-e-type=\"widget\" data-widget_type=\"text-editor.default\">\n\t\t\t\t\t\t\t\t\t<p class=\"p1\"><strong>a. FORMUL\u00c1RIO DE CONTACTO <\/strong><\/p>\t\t\t\t\t\t\t\t<\/div>\n\t\t\t\t<div class=\"elementor-element elementor-element-bac3f59 elementor-widget elementor-widget-text-editor\" data-id=\"bac3f59\" data-element_type=\"widget\" data-e-type=\"widget\" data-widget_type=\"text-editor.default\">\n\t\t\t\t\t\t\t\t\t<p class=\"p1\">Quando preenche o formul\u00e1rio de contacto, guardamos no nosso servidor o seu nome e endere\u00e7o de e-mail, assim como a meta informa\u00e7\u00e3o relativa \u00e0 mensagem submetida, incluindo o endere\u00e7o de IP, a data e hor\u00e1rio do envio e o agente de utilizador fornecido pelo seu navegador. <\/p><p class=\"p1\">O fundamento legal para o tratamento destes dados \u00e9 o interesse leg\u00edtimo da Something Borrowed em supervisionar os fluxos de contactos gerados pelo Site.<\/p>\t\t\t\t\t\t\t\t<\/div>\n\t\t\t\t<div class=\"elementor-element elementor-element-bcba5fc elementor-widget elementor-widget-text-editor\" data-id=\"bcba5fc\" data-element_type=\"widget\" data-e-type=\"widget\" data-widget_type=\"text-editor.default\">\n\t\t\t\t\t\t\t\t\t<p class=\"p1\">b. COOKIES <\/p>\t\t\t\t\t\t\t\t<\/div>\n\t\t\t\t<div class=\"elementor-element elementor-element-7906b7a elementor-widget elementor-widget-text-editor\" data-id=\"7906b7a\" data-element_type=\"widget\" data-e-type=\"widget\" data-widget_type=\"text-editor.default\">\n\t\t\t\t\t\t\t\t\t<p class=\"p1\">Utilizamos cookies, p\u00edxeis e dispositivos similares para permitir que o site funcione corretamente, para personalizar conte\u00fados e an\u00fancios, proporcionar funcionalidades das redes sociais e analisar dados de tr\u00e1fego das visitas ao site. Alguns destes cookies podem recolher dados pessoais, como o endere\u00e7o IP do seu computador.  <\/p><p class=\"p1\">Alguns destes cookies podem recolher dados pessoais, como o endere\u00e7o IP do seu computador.<br>O fundamento legal para o tratamento destes dados \u00e9 o consentimento, o que significa que estes cookies s\u00f3 ser\u00e3o instalados com a sua autoriza\u00e7\u00e3o. Sugerimos que leia a nossa <a href=\"https:\/\/sb.weshapers.com\/pt-pt\/politica-de-cookies\/\" target=\"_blank\" rel=\"noopener\">POL\u00cdTICA DE COOKIES<\/a> para saber com mais detalhe quais s\u00e3o os cookies que utilizamos e a sua finalidade, e que utilize a funcionalidade de gest\u00e3o de cookies que disponibilizamos no site. <\/p>\t\t\t\t\t\t\t\t<\/div>\n\t\t\t\t\t<\/div>\n\t\t\t\t<\/div>\n\t\t<div class=\"elementor-element elementor-element-e2ddeaa e-flex e-con-boxed e-con e-child\" data-id=\"e2ddeaa\" data-element_type=\"container\" data-e-type=\"container\">\n\t\t\t\t\t<div class=\"e-con-inner\">\n\t\t\t\t<div class=\"elementor-element elementor-element-8cef97b elementor-widget elementor-widget-heading\" data-id=\"8cef97b\" data-element_type=\"widget\" data-e-type=\"widget\" data-widget_type=\"heading.default\">\n\t\t\t\t\t<h2 class=\"elementor-heading-title elementor-size-default\">3. PRAZOS DE TRATAMENTO DOS DADOS<\/h2>\t\t\t\t<\/div>\n\t\t\t\t<div class=\"elementor-element elementor-element-e39f671 elementor-widget elementor-widget-text-editor\" data-id=\"e39f671\" data-element_type=\"widget\" data-e-type=\"widget\" data-widget_type=\"text-editor.default\">\n\t\t\t\t\t\t\t\t\t<p class=\"p1\">Os dados que recolhemos ser\u00e3o tratados durante o per\u00edodo de tempo estritamente necess\u00e1rio para cumprir as finalidades para que foram obtidos:<\/p><ul class=\"ul1\"><li class=\"li1\">Formul\u00e1rio de contacto: conservaremos os seus dados durante o per\u00edodo m\u00e1ximo de 1 ano, findo o qual os dados ser\u00e3o apagados.<\/li><li class=\"li1\">trataremos os seus dados durante os prazos em que os cookies se mantiverem ativos. Pode consultar estes prazos na nossa <a href=\"https:\/\/sb.weshapers.com\/pt-pt\/politica-de-cookies\/\" target=\"_blank\" rel=\"noopener\"><span class=\"s2\">POL\u00cdTICA DE COOKIES<\/span>. <\/a>  <\/li><\/ul>\t\t\t\t\t\t\t\t<\/div>\n\t\t\t\t\t<\/div>\n\t\t\t\t<\/div>\n\t\t<div class=\"elementor-element elementor-element-6f2fd80 e-flex e-con-boxed e-con e-child\" data-id=\"6f2fd80\" data-element_type=\"container\" data-e-type=\"container\">\n\t\t\t\t\t<div class=\"e-con-inner\">\n\t\t\t\t<div class=\"elementor-element elementor-element-a701665 elementor-widget elementor-widget-heading\" data-id=\"a701665\" data-element_type=\"widget\" data-e-type=\"widget\" data-widget_type=\"heading.default\">\n\t\t\t\t\t<h2 class=\"elementor-heading-title elementor-size-default\">4. DESTINAT\u00c1RIOS DOS DADOS<\/h2>\t\t\t\t<\/div>\n\t\t\t\t<div class=\"elementor-element elementor-element-a6916cd elementor-widget elementor-widget-text-editor\" data-id=\"a6916cd\" data-element_type=\"widget\" data-e-type=\"widget\" data-widget_type=\"text-editor.default\">\n\t\t\t\t\t\t\t\t\t<p class=\"p1\">Os dados pessoais tratados pela Something Borrowed n\u00e3o ser\u00e3o comunicados a terceiros, mas poder\u00e3o ser disponibilizados aos nossos colaboradores e a entidades por n\u00f3s subcontratadas para nos prestarem apoio, por nossa conta e sob a nossa responsabilidade e supervis\u00e3o. Entre essas entidades incluem-se: <\/p><p class=\"p1\">Prestadores de servi\u00e7os tecnol\u00f3gicos, como fornecedores de tecnologias de informa\u00e7\u00e3o, de alojamento web, de comunica\u00e7\u00f5es e assist\u00eancia t\u00e9cnica;<\/p><p class=\"p1\">Prestadores de servi\u00e7os de seguran\u00e7a, dete\u00e7\u00e3o e preven\u00e7\u00e3o de fraude;<\/p><p class=\"p1\">Parceiros e prestadores de servi\u00e7os de marketing e publicidade, como plataformas de email marketing, publicidade digital, an\u00e1lise de tr\u00e1fego e redes sociais.<\/p><p class=\"p1\">Entre estas entidades encontram-se algumas empresas prestadoras de servi\u00e7os que est\u00e3o situadas fora do Espa\u00e7o Econ\u00f3mico Europeu, nomeadamente nos Estados Unidos da Am\u00e9rica. <\/p><p class=\"p1\">Para transferirmos dados a estes prestadores exigimos que nos apresentem garantias adequadas de seguran\u00e7a e prote\u00e7\u00e3o dos dados pessoais equipar\u00e1veis \u00e0s da Uni\u00e3o Europeia, nomeadamente que sejam certificadas no \u00e2mbito do Escudo de Prote\u00e7\u00e3o de Privacidade UE \/ EUA (Privacy Shield) ou que assinem um contrato com as Cl\u00e1usulas Contratuais Tipo aprovadas pela Comiss\u00e3o Europeia.<\/p>\t\t\t\t\t\t\t\t<\/div>\n\t\t\t\t\t<\/div>\n\t\t\t\t<\/div>\n\t\t<div class=\"elementor-element elementor-element-53a154a e-flex e-con-boxed e-con e-child\" data-id=\"53a154a\" data-element_type=\"container\" data-e-type=\"container\">\n\t\t\t\t\t<div class=\"e-con-inner\">\n\t\t\t\t<div class=\"elementor-element elementor-element-42ebbd6 elementor-widget elementor-widget-heading\" data-id=\"42ebbd6\" data-element_type=\"widget\" data-e-type=\"widget\" data-widget_type=\"heading.default\">\n\t\t\t\t\t<h2 class=\"elementor-heading-title elementor-size-default\">5. DIREITOS DO TITULAR<\/h2>\t\t\t\t<\/div>\n\t\t\t\t<div class=\"elementor-element elementor-element-1182280 elementor-widget elementor-widget-text-editor\" data-id=\"1182280\" data-element_type=\"widget\" data-e-type=\"widget\" data-widget_type=\"text-editor.default\">\n\t\t\t\t\t\t\t\t\t<p class=\"p1\">Consoante a finalidade e o fundamento jur\u00eddico em que assenta o tratamento dos seus dados, pode exercer os seguintes direitos:<\/p><p class=\"p1\">Aceder, atualizar ou corrigir dados imprecisos que tenhamos sobre si;<\/p><p class=\"p1\">Pedir-nos que eliminemos os seus dados pessoais, quando estes j\u00e1 n\u00e3o forem necess\u00e1rios para as finalidades para que foram recolhidos ou quando j\u00e1 n\u00e3o tivermos fundamento legal para os tratar;<\/p><p class=\"p1\">Pedir-nos que cancelemos ou limitemos a utiliza\u00e7\u00e3o dos seus dados, quando estes possam n\u00e3o ser exatos ou j\u00e1 n\u00e3o ser necess\u00e1rios para a finalidade de tratamento original, mas n\u00e3o possam ou n\u00e3o queira que sejam apagados;<\/p><p class=\"p1\">Quando os dados s\u00e3o tratados com base no seu consentimento, tem o direito de o retirar a qualquer momento.<\/p><p class=\"p1\">Nos casos em que o fundamento jur\u00eddico para o tratamento dos dados \u00e9 o consentimento ou um contrato celebrado com a Something Borrowed, pode tamb\u00e9m pedir-nos a portabilidade dos dados pessoais que nos forneceu, num formato estruturado, de uso corrente e de leitura autom\u00e1tica, para poder transmiti-los a outra entidade;<\/p><p class=\"p1\">Quando os dados s\u00e3o tratados com base no nosso interesse leg\u00edtimo, poder\u00e1 opor-se ao tratamento dos seus dados;<\/p><p class=\"p1\">Tem ainda o direito de apresentar reclama\u00e7\u00e3o quanto a qualquer quest\u00e3o relativa ao tratamento dos seus dados pessoais junto da Comiss\u00e3o Nacional de Prote\u00e7\u00e3o de Dados \u2013 CNPD.<\/p>\t\t\t\t\t\t\t\t<\/div>\n\t\t\t\t\t<\/div>\n\t\t\t\t<\/div>\n\t\t<div class=\"elementor-element elementor-element-1ddb389 e-flex e-con-boxed e-con e-child\" data-id=\"1ddb389\" data-element_type=\"container\" data-e-type=\"container\">\n\t\t\t\t\t<div class=\"e-con-inner\">\n\t\t\t\t<div class=\"elementor-element elementor-element-a113915 elementor-widget elementor-widget-heading\" data-id=\"a113915\" data-element_type=\"widget\" data-e-type=\"widget\" data-widget_type=\"heading.default\">\n\t\t\t\t\t<h2 class=\"elementor-heading-title elementor-size-default\">6. SEGURAN\u00c7A<\/h2>\t\t\t\t<\/div>\n\t\t\t\t<div class=\"elementor-element elementor-element-c25224f elementor-widget elementor-widget-text-editor\" data-id=\"c25224f\" data-element_type=\"widget\" data-e-type=\"widget\" data-widget_type=\"text-editor.default\">\n\t\t\t\t\t\t\t\t\t<p class=\"p1\">A Something Borrowed recorre a medidas de seguran\u00e7a f\u00edsicas, tecnol\u00f3gicas e organizativas para proteger os dados pessoais contra a destrui\u00e7\u00e3o, perda, altera\u00e7\u00e3o, divulga\u00e7\u00e3o ou acesso n\u00e3o autorizados. As informa\u00e7\u00f5es captadas atrav\u00e9s do Site s\u00e3o transmitidas pela internet atrav\u00e9s de protocolo seguro SSL, um tipo de comunica\u00e7\u00e3o que cumpre as melhores pr\u00e1ticas dispon\u00edveis no mercado.  Additionally, we store data in encrypted databases and conduct periodic backups to reduce the risk of data loss in case of system failure. <\/p><p class=\"p1\">Aos parceiros e fornecedores subcontratados que tratam dados pessoais, exigimos que nos apresentem provas de que praticam um n\u00edvel de seguran\u00e7a id\u00eantico.<\/p>\t\t\t\t\t\t\t\t<\/div>\n\t\t\t\t\t<\/div>\n\t\t\t\t<\/div>\n\t\t<div class=\"elementor-element elementor-element-841dd9c e-flex e-con-boxed e-con e-child\" data-id=\"841dd9c\" data-element_type=\"container\" data-e-type=\"container\">\n\t\t\t\t\t<div class=\"e-con-inner\">\n\t\t\t\t<div class=\"elementor-element elementor-element-2b62e6d elementor-widget elementor-widget-heading\" data-id=\"2b62e6d\" data-element_type=\"widget\" data-e-type=\"widget\" data-widget_type=\"heading.default\">\n\t\t\t\t\t<h2 class=\"elementor-heading-title elementor-size-default\">7. CONTACTOS<\/h2>\t\t\t\t<\/div>\n\t\t\t\t<div class=\"elementor-element elementor-element-28e1790 elementor-widget elementor-widget-text-editor\" data-id=\"28e1790\" data-element_type=\"widget\" data-e-type=\"widget\" data-widget_type=\"text-editor.default\">\n\t\t\t\t\t\t\t\t\t<p class=\"p1\">Se tiver alguma d\u00favida, se precisar de mais alguma informa\u00e7\u00e3o sobre o tratamento dos dados pessoais que efetuamos ou se quiser exercer os seus direitos enquanto titular dos dados, pode contactar-nos atrav\u00e9s dos seguintes canais: <br><br><\/p><p class=\"p3\"><span class=\"s1\">Email: <a href=\"mailto:teresa.perdigao@somethingborrowed.pt\"><span class=\"s2\">teresa.perdigao@somethingborrowed.pt<\/span><\/a> <\/span><\/p><p class=\"p1\">Carta dirigida a: Botica Perdig\u00e3o Lda.<\/p><p class=\"p1\">Av. D. Leonor Fernandes, Lt 15, 7005-144 \u00c9vora, Portugal<\/p>\t\t\t\t\t\t\t\t<\/div>\n\t\t\t\t\t<\/div>\n\t\t\t\t<\/div>\n\t\t\t\t<\/div>\n\t\t\t\t<\/div>\n\t\t","protected":false},"excerpt":{"rendered":"<p>Pol\u00edtica de Privacidade 1. RESPONSABILIDADE PELO TRATAMENTO DOS DADOS A entidade respons\u00e1vel pelo tratamento dos dados pessoais disponibilizados no site somethingborrowed.pt (\u201cSite\u201d) \u00e9 a empresa Botica Perdig\u00e3o, Lda. (\u201cSomething Borrowed\u201d), com sede em Av. D. Leonor Fernandes, Lt 15, 7005-144 \u00c9vora, e NIF: 509 141 072. Contactos: Telefone: +351 916 253 233 Email: teresa.perdigao@somethingborrowed.pt 2. [&hellip;]<\/p>\n","protected":false},"author":1,"featured_media":0,"parent":0,"menu_order":0,"comment_status":"closed","ping_status":"closed","template":"","meta":{"_acf_changed":false,"footnotes":""},"class_list":["post-1599","page","type-page","status-publish","hentry"],"acf":[],"_links":{"self":[{"href":"https:\/\/sb.weshapers.com\/pt-pt\/wp-json\/wp\/v2\/pages\/1599","targetHints":{"allow":["GET"]}}],"collection":[{"href":"https:\/\/sb.weshapers.com\/pt-pt\/wp-json\/wp\/v2\/pages"}],"about":[{"href":"https:\/\/sb.weshapers.com\/pt-pt\/wp-json\/wp\/v2\/types\/page"}],"author":[{"embeddable":true,"href":"https:\/\/sb.weshapers.com\/pt-pt\/wp-json\/wp\/v2\/users\/1"}],"replies":[{"embeddable":true,"href":"https:\/\/sb.weshapers.com\/pt-pt\/wp-json\/wp\/v2\/comments?post=1599"}],"version-history":[{"count":2,"href":"https:\/\/sb.weshapers.com\/pt-pt\/wp-json\/wp\/v2\/pages\/1599\/revisions"}],"predecessor-version":[{"id":1609,"href":"https:\/\/sb.weshapers.com\/pt-pt\/wp-json\/wp\/v2\/pages\/1599\/revisions\/1609"}],"wp:attachment":[{"href":"https:\/\/sb.weshapers.com\/pt-pt\/wp-json\/wp\/v2\/media?parent=1599"}],"curies":[{"name":"wp","href":"https:\/\/api.w.org\/{rel}","templated":true}]}}