{"id":1597,"date":"2026-02-20T10:55:29","date_gmt":"2026-02-20T10:55:29","guid":{"rendered":"https:\/\/sb.weshapers.com\/politica-de-cookies\/"},"modified":"2026-02-21T12:41:57","modified_gmt":"2026-02-21T12:41:57","slug":"politica-de-cookies","status":"publish","type":"page","link":"https:\/\/sb.weshapers.com\/pt-pt\/politica-de-cookies\/","title":{"rendered":"Pol\u00edtica de Cookies"},"content":{"rendered":"\t\t<div data-elementor-type=\"wp-page\" data-elementor-id=\"1597\" class=\"elementor elementor-1597 elementor-1381\" data-elementor-post-type=\"page\">\n\t\t\t\t<div class=\"elementor-element elementor-element-67e03d9 e-con-full legal-a e-flex e-con e-parent\" data-id=\"67e03d9\" data-element_type=\"container\" data-e-type=\"container\">\n\t\t<div class=\"elementor-element elementor-element-babca52 e-con-full e-flex e-con e-child\" data-id=\"babca52\" data-element_type=\"container\" data-e-type=\"container\">\n\t\t\t\t<div class=\"elementor-element elementor-element-4279a33 elementor-widget elementor-widget-heading\" data-id=\"4279a33\" data-element_type=\"widget\" data-e-type=\"widget\" data-widget_type=\"heading.default\">\n\t\t\t\t\t<h2 class=\"elementor-heading-title elementor-size-default\">Pol\u00edtica de Cookies<\/h2>\t\t\t\t<\/div>\n\t\t\t\t<\/div>\n\t\t<div class=\"elementor-element elementor-element-4d81156 e-flex e-con-boxed e-con e-child\" data-id=\"4d81156\" data-element_type=\"container\" data-e-type=\"container\">\n\t\t\t\t\t<div class=\"e-con-inner\">\n\t\t\t\t<div class=\"elementor-element elementor-element-fb6207e elementor-widget elementor-widget-heading\" data-id=\"fb6207e\" data-element_type=\"widget\" data-e-type=\"widget\" data-widget_type=\"heading.default\">\n\t\t\t\t\t<h2 class=\"elementor-heading-title elementor-size-default\">1. O QUE S\u00c3O COOKIES<\/h2>\t\t\t\t<\/div>\n\t\t\t\t<div class=\"elementor-element elementor-element-1de1e35 elementor-widget elementor-widget-text-editor\" data-id=\"1de1e35\" data-element_type=\"widget\" data-e-type=\"widget\" data-widget_type=\"text-editor.default\">\n\t\t\t\t\t\t\t\t\t<p class=\"p1\">Os cookies s\u00e3o pequenos ficheiros de texto que podem ser armazenados num computador para fins de manuten\u00e7\u00e3o de registos. Instalamos cookies para permitir que o site funcione corretamente, personalizar conte\u00fados e an\u00fancios, proporcionar funcionalidades das redes sociais e analisar dados de tr\u00e1fego das visitas ao site.<br>Alguns cookies s\u00e3o tempor\u00e1rios, o que significa que apenas estar\u00e3o ativos enquanto tiver o seu browser aberto. Outros, os chamados cookies persistentes, mant\u00eam-se no seu computador por per\u00edodos mais longos, ou at\u00e9 os excluir nas defini\u00e7\u00f5es do seu browser.   <\/p>\t\t\t\t\t\t\t\t<\/div>\n\t\t\t\t\t<\/div>\n\t\t\t\t<\/div>\n\t\t<div class=\"elementor-element elementor-element-7b50093 e-flex e-con-boxed e-con e-child\" data-id=\"7b50093\" data-element_type=\"container\" data-e-type=\"container\">\n\t\t\t\t\t<div class=\"e-con-inner\">\n\t\t\t\t<div class=\"elementor-element elementor-element-3fe926b elementor-widget elementor-widget-heading\" data-id=\"3fe926b\" data-element_type=\"widget\" data-e-type=\"widget\" data-widget_type=\"heading.default\">\n\t\t\t\t\t<h2 class=\"elementor-heading-title elementor-size-default\">2. O QUE S\u00c3O P\u00cdXEIS<\/h2>\t\t\t\t<\/div>\n\t\t\t\t<div class=\"elementor-element elementor-element-226c3ec elementor-widget elementor-widget-text-editor\" data-id=\"226c3ec\" data-element_type=\"widget\" data-e-type=\"widget\" data-widget_type=\"text-editor.default\">\n\t\t\t\t\t\t\t\t\t<p class=\"p1\">\u201cP\u00edxeis\u201d s\u00e3o pequenos gr\u00e1ficos que cont\u00eam um identificador exclusivo usado para seguir os movimentos dos utilizadores na internet. Ao contr\u00e1rio dos cookies, que s\u00e3o armazenados no disco r\u00edgido do computador do utilizador, os p\u00edxeis s\u00e3o incorporados de forma invis\u00edvel nas p\u00e1ginas web ou nos e-mails em HTML. Os nossos fornecedores de servi\u00e7os de marketing e an\u00e1lise podem colocar p\u00edxeis nas nossas p\u00e1ginas que permitem seguir o utilizador nas visitas que ele faz a outros sites.  <\/p>\t\t\t\t\t\t\t\t<\/div>\n\t\t\t\t\t<\/div>\n\t\t\t\t<\/div>\n\t\t<div class=\"elementor-element elementor-element-4dd670a e-flex e-con-boxed e-con e-child\" data-id=\"4dd670a\" data-element_type=\"container\" data-e-type=\"container\">\n\t\t\t\t\t<div class=\"e-con-inner\">\n\t\t\t\t<div class=\"elementor-element elementor-element-5d988a6 elementor-widget elementor-widget-heading\" data-id=\"5d988a6\" data-element_type=\"widget\" data-e-type=\"widget\" data-widget_type=\"heading.default\">\n\t\t\t\t\t<h2 class=\"elementor-heading-title elementor-size-default\">3. QUE COOKIES UTILIZAMOS<\/h2>\t\t\t\t<\/div>\n\t\t\t\t<div class=\"elementor-element elementor-element-baac4b5 elementor-widget elementor-widget-text-editor\" data-id=\"baac4b5\" data-element_type=\"widget\" data-e-type=\"widget\" data-widget_type=\"text-editor.default\">\n\t\t\t\t\t\t\t\t\t<p class=\"p1\">No site somethingborrowed.pt utilizamos os seguintes tipos de cookies:<\/p>\t\t\t\t\t\t\t\t<\/div>\n\t\t\t\t<div class=\"elementor-element elementor-element-86a0905 elementor-widget elementor-widget-text-editor\" data-id=\"86a0905\" data-element_type=\"widget\" data-e-type=\"widget\" data-widget_type=\"text-editor.default\">\n\t\t\t\t\t\t\t\t\t<ul class=\"ul1\"><li class=\"li1\">NECESS\u00c1RIOS<\/li><\/ul>\t\t\t\t\t\t\t\t<\/div>\n\t\t\t\t<div class=\"elementor-element elementor-element-d0a2ea8 elementor-widget elementor-widget-text-editor\" data-id=\"d0a2ea8\" data-element_type=\"widget\" data-e-type=\"widget\" data-widget_type=\"text-editor.default\">\n\t\t\t\t\t\t\t\t\t<p class=\"p1\">S\u00e3o cookies necess\u00e1rios para que o site funcione e n\u00e3o podem ser desativados nos nossos sistemas. Normalmente s\u00e3o unicamente colocados em resposta a a\u00e7\u00f5es do utilizador, como pedidos de servi\u00e7o (i.e. escolher as prefer\u00eancias de privacidade, ao iniciar a sess\u00e3o ou ao completar formul\u00e1rios). Pode configurar o seu browser para bloquear ou alert\u00e1-lo sobre estes cookies, mas algumas partes do site poder\u00e3o n\u00e3o funcionar corretamente se os desativar.  <\/p>\t\t\t\t\t\t\t\t<\/div>\n\t\t\t\t<div class=\"elementor-element elementor-element-cc25725 elementor-widget elementor-widget-text-editor\" data-id=\"cc25725\" data-element_type=\"widget\" data-e-type=\"widget\" data-widget_type=\"text-editor.default\">\n\t\t\t\t\t\t\t\t\t<table class=\"t1\" cellspacing=\"0\" cellpadding=\"0\"><tbody><tr><td class=\"td1\" valign=\"top\"><p class=\"p1\"><b>COOKIE<\/b><b><\/b><\/p><\/td><td class=\"td2\" valign=\"top\"><p class=\"p1\"><b>TIPO<\/b><b><\/b><\/p><\/td><td class=\"td3\" valign=\"top\"><p class=\"p1\"><b>DURA\u00c7\u00c3O<\/b><b><\/b><\/p><\/td><td class=\"td4\" valign=\"top\"><p class=\"p1\"><b>DESCRI\u00c7\u00c3O<\/b><b><\/b><\/p><\/td><\/tr><tr><td class=\"td5\" valign=\"top\"><p class=\"p1\">cookielawinfo-checkbox-necessary<\/p><\/td><td class=\"td6\" valign=\"top\"><p class=\"p1\">0<\/p><\/td><td class=\"td7\" valign=\"top\"><p class=\"p1\">11 months<\/p><\/td><td class=\"td8\" valign=\"top\"><p class=\"p1\">This cookie is set by GDPR Cookie Consent plugin. The cookies are used to store the user consent for the cookies in the category &#8220;Necessary&#8221;. <\/p><\/td><\/tr><tr><td class=\"td9\" valign=\"top\"><p class=\"p1\">cookielawinfo-checkbox-non-necessary<\/p><\/td><td class=\"td10\" valign=\"top\"><p class=\"p1\">0<\/p><\/td><td class=\"td11\" valign=\"top\"><p class=\"p1\">11 months<\/p><\/td><td class=\"td12\" valign=\"top\"><p class=\"p1\">This cookie is set by GDPR Cookie Consent plugin. The cookies are used to store the user consent for the cookies in the category &#8220;Non Necessary&#8221;. <\/p><\/td><\/tr><tr><td class=\"td5\" valign=\"top\"><p class=\"p1\">viewed_cookie_policy<\/p><\/td><td class=\"td6\" valign=\"top\"><p class=\"p1\">0<\/p><\/td><td class=\"td7\" valign=\"top\"><p class=\"p1\">11 months<\/p><\/td><td class=\"td8\" valign=\"top\"><p class=\"p1\">The cookie is set by the GDPR Cookie Consent plugin and is used to store whether or not user has consented to the use of cookies. It does not store any personal data. <\/p><\/td><\/tr><\/tbody><\/table>\t\t\t\t\t\t\t\t<\/div>\n\t\t\t\t<div class=\"elementor-element elementor-element-284a15b elementor-widget elementor-widget-text-editor\" data-id=\"284a15b\" data-element_type=\"widget\" data-e-type=\"widget\" data-widget_type=\"text-editor.default\">\n\t\t\t\t\t\t\t\t\t<ul class=\"ul1\"><li class=\"li1\">FUNCIONAIS<\/li><\/ul>\t\t\t\t\t\t\t\t<\/div>\n\t\t\t\t<div class=\"elementor-element elementor-element-ee89787 elementor-widget elementor-widget-text-editor\" data-id=\"ee89787\" data-element_type=\"widget\" data-e-type=\"widget\" data-widget_type=\"text-editor.default\">\n\t\t\t\t\t\t\t\t\t<p class=\"p1\">Estes cookies permitem-nos oferecer funcionalidades e personaliza\u00e7\u00f5es avan\u00e7adas, tais como v\u00eddeos. S\u00e3o atribu\u00eddos por parceiros cujos servi\u00e7os adicionamos \u00e0s nossas p\u00e1ginas, como a plataforma de v\u00eddeo Vimeo. Se n\u00e3o permitir estes cookies, \u00e9 poss\u00edvel que essas funcionalidades n\u00e3o funcionem corretamente.  <\/p>\t\t\t\t\t\t\t\t<\/div>\n\t\t\t\t<div class=\"elementor-element elementor-element-4fa74c8 elementor-widget elementor-widget-text-editor\" data-id=\"4fa74c8\" data-element_type=\"widget\" data-e-type=\"widget\" data-widget_type=\"text-editor.default\">\n\t\t\t\t\t\t\t\t\t<table class=\"t1\" cellspacing=\"0\" cellpadding=\"0\"><tbody><tr><td class=\"td1\" valign=\"top\"><p class=\"p1\"><b>COOKIE<\/b><b><\/b><\/p><\/td><td class=\"td2\" valign=\"top\"><p class=\"p1\"><b>TIPO<\/b><b><\/b><\/p><\/td><td class=\"td3\" valign=\"top\"><p class=\"p1\"><b>DURA\u00c7\u00c3O<\/b><b><\/b><\/p><\/td><td class=\"td4\" valign=\"top\"><p class=\"p1\"><b>DESCRI\u00c7\u00c3O<\/b><b><\/b><\/p><\/td><\/tr><tr><td class=\"td5\" valign=\"top\"><p class=\"p1\">_gat<\/p><\/td><td class=\"td6\" valign=\"top\"><p class=\"p1\">third party<\/p><\/td><td class=\"td7\" valign=\"top\"><p class=\"p1\">1 minute<\/p><\/td><td class=\"td8\" valign=\"top\"><p class=\"p1\">Used by Google Analytics to throttle request rate<\/p><\/td><\/tr><\/tbody><\/table>\t\t\t\t\t\t\t\t<\/div>\n\t\t\t\t<div class=\"elementor-element elementor-element-88e2f6a elementor-widget elementor-widget-text-editor\" data-id=\"88e2f6a\" data-element_type=\"widget\" data-e-type=\"widget\" data-widget_type=\"text-editor.default\">\n\t\t\t\t\t\t\t\t\t<ul><li class=\"li1\">ANAL\u00cdTICOS<\/li><\/ul>\t\t\t\t\t\t\t\t<\/div>\n\t\t\t\t<div class=\"elementor-element elementor-element-8db5ca7 elementor-widget elementor-widget-text-editor\" data-id=\"8db5ca7\" data-element_type=\"widget\" data-e-type=\"widget\" data-widget_type=\"text-editor.default\">\n\t\t\t\t\t\t\t\t\t<p class=\"p1\">Estes cookies permitem-nos contar as visitas ao nosso site e identificar as fontes de tr\u00e1fego. Ajudam-nos a medir e melhorar o desempenho do nosso site, dando-nos informa\u00e7\u00e3o sobre quais s\u00e3o as p\u00e1ginas mais e menos visitadas e como os visitantes navegam pelo site. Toda a informa\u00e7\u00e3o que estes cookies recolhem \u00e9 agregada e, portanto, an\u00f3nima. Se n\u00e3o permitir estes cookies, n\u00e3o saberemos quando visitou o nosso site.   <\/p>\t\t\t\t\t\t\t\t<\/div>\n\t\t\t\t<div class=\"elementor-element elementor-element-568282a elementor-widget elementor-widget-text-editor\" data-id=\"568282a\" data-element_type=\"widget\" data-e-type=\"widget\" data-widget_type=\"text-editor.default\">\n\t\t\t\t\t\t\t\t\t<table class=\"t1\" cellspacing=\"0\" cellpadding=\"0\"><tbody><tr><td class=\"td1\" valign=\"top\"><p class=\"p1\"><b>COOKIE<\/b><b><\/b><\/p><\/td><td class=\"td2\" valign=\"top\"><p class=\"p1\"><b>TIPO<\/b><b><\/b><\/p><\/td><td class=\"td3\" valign=\"top\"><p class=\"p1\"><b>DURA\u00c7\u00c3O<\/b><b><\/b><\/p><\/td><td class=\"td4\" valign=\"top\"><p class=\"p1\"><b>DESCRI\u00c7\u00c3O<\/b><b><\/b><\/p><\/td><\/tr><tr><td class=\"td5\" valign=\"top\"><p class=\"p1\">_ga<\/p><\/td><td class=\"td6\" valign=\"top\"><p class=\"p1\">third party<\/p><\/td><td class=\"td7\" valign=\"top\"><p class=\"p1\">2 years<\/p><\/td><td class=\"td8\" valign=\"top\"><p class=\"p1\">This cookie is installed by Google Analytics. The cookie is used to calculate visitor, session, campaign data and keep track of site usage for the site&#8217;s analytics report. The cookies store information anonymously and assigns a randomly generated number to identify unique visitors.  <\/p><\/td><\/tr><tr><td class=\"td9\" valign=\"top\"><p class=\"p1\">_gid<\/p><\/td><td class=\"td10\" valign=\"top\"><p class=\"p1\">third party<\/p><\/td><td class=\"td11\" valign=\"top\"><p class=\"p1\">1 day<\/p><\/td><td class=\"td12\" valign=\"top\"><p class=\"p1\">This cookie is installed by Google Analytics. The cookie is used to store information of how visitors use a website and helps in creating analytics reports of how the website is doing. The data collected including the number visitors, the source where they have come from, and the pages visited in an anonymous form.  <\/p><\/td><\/tr><\/tbody><\/table>\t\t\t\t\t\t\t\t<\/div>\n\t\t\t\t<div class=\"elementor-element elementor-element-a4800b9 elementor-widget elementor-widget-text-editor\" data-id=\"a4800b9\" data-element_type=\"widget\" data-e-type=\"widget\" data-widget_type=\"text-editor.default\">\n\t\t\t\t\t\t\t\t\t<ul><li class=\"li1\">PUBLICIDADE<\/li><\/ul>\t\t\t\t\t\t\t\t<\/div>\n\t\t\t\t<div class=\"elementor-element elementor-element-9e205ff elementor-widget elementor-widget-text-editor\" data-id=\"9e205ff\" data-element_type=\"widget\" data-e-type=\"widget\" data-widget_type=\"text-editor.default\">\n\t\t\t\t\t\t\t\t\t<p class=\"p1\">Estes cookies s\u00e3o atribu\u00eddos a partir do nosso site pelos nossos parceiros de publicidade. Podem ser utilizados por essas empresas para construir um perfil dos seus interesses e mostrar-lhe an\u00fancios relevantes noutros sites. Funcionam por identifica\u00e7\u00e3o \u00fanica do seu browser e dispositivo. Se n\u00e3o permitir estes cookies, n\u00e3o ver\u00e1 a nossa publicidade personalizada em diferentes sites.   <\/p>\t\t\t\t\t\t\t\t<\/div>\n\t\t\t\t<div class=\"elementor-element elementor-element-ec2f6fb elementor-widget elementor-widget-text-editor\" data-id=\"ec2f6fb\" data-element_type=\"widget\" data-e-type=\"widget\" data-widget_type=\"text-editor.default\">\n\t\t\t\t\t\t\t\t\t<table class=\"t1\" cellspacing=\"0\" cellpadding=\"0\"><tbody><tr><td class=\"td1\" valign=\"top\"><p class=\"p1\"><b>COOKIE<\/b><b><\/b><\/p><\/td><td class=\"td2\" valign=\"top\"><p class=\"p1\"><b>TIPO<\/b><b><\/b><\/p><\/td><td class=\"td3\" valign=\"top\"><p class=\"p1\"><b>DURA\u00c7\u00c3O<\/b><b><\/b><\/p><\/td><td class=\"td4\" valign=\"top\"><p class=\"p1\"><b>DESCRI\u00c7\u00c3O<\/b><b><\/b><\/p><\/td><\/tr><tr><td class=\"td5\" valign=\"top\"><p class=\"p1\">_fbp<\/p><\/td><td class=\"td6\" valign=\"top\"><p class=\"p1\">third party<\/p><\/td><td class=\"td7\" valign=\"top\"><p class=\"p1\">3 months<\/p><\/td><td class=\"td8\" valign=\"top\"><p class=\"p1\">This cookie is set by Facebook to deliver advertisement when they are on Facebook or a digital platform powered by Facebook advertising after visiting this website.<\/p><\/td><\/tr><tr><td class=\"td9\" valign=\"top\"><p class=\"p1\">fr<\/p><\/td><td class=\"td10\" valign=\"top\"><p class=\"p1\">third party<\/p><\/td><td class=\"td11\" valign=\"top\"><p class=\"p1\">3 months<\/p><\/td><td class=\"td12\" valign=\"top\"><p class=\"p1\">The cookie is set by Facebook to show relevant advertisements to the users and measure and improve the advertisements. The cookie also tracks the behavior of the user across the web on sites that have Facebook pixel or Facebook social plugin. <\/p><\/td><\/tr><tr><td class=\"td13\" valign=\"top\"><p class=\"p1\">IDE<\/p><\/td><td class=\"td14\" valign=\"top\"><p class=\"p1\">third party<\/p><\/td><td class=\"td15\" valign=\"top\"><p class=\"p1\">1 year<\/p><\/td><td class=\"td16\" valign=\"top\"><p class=\"p1\">Used by Google DoubleClick to register and report the website user&#8217;s actions after viewing or clicking one of the advertiser&#8217;s ads with the purpose of measuring the efficacy of an ad and to present targeted ads to the user.<\/p><\/td><\/tr><\/tbody><\/table>\t\t\t\t\t\t\t\t<\/div>\n\t\t\t\t<div class=\"elementor-element elementor-element-b131bf6 elementor-widget elementor-widget-text-editor\" data-id=\"b131bf6\" data-element_type=\"widget\" data-e-type=\"widget\" data-widget_type=\"text-editor.default\">\n\t\t\t\t\t\t\t\t\t<ul class=\"ul1\"><li class=\"li1\">COOKIES DE REDES SOCIAIS<\/li><\/ul>\t\t\t\t\t\t\t\t<\/div>\n\t\t\t\t<div class=\"elementor-element elementor-element-4eb9a70 elementor-widget elementor-widget-text-editor\" data-id=\"4eb9a70\" data-element_type=\"widget\" data-e-type=\"widget\" data-widget_type=\"text-editor.default\">\n\t\t\t\t\t\t\t\t\t<p class=\"p1\">Estes cookies s\u00e3o colocados pelos servi\u00e7os das redes sociais apenas quando usa os bot\u00f5es de partilha do nosso conte\u00fado nessas redes. Os cookies das redes sociais s\u00e3o capazes de detetar o seu browser noutros sites e construir um perfil dos seus interesses, o que pode ter efeitos no conte\u00fado e nas mensagens que v\u00ea noutros sites. Se n\u00e3o permitir estes cookies, poder\u00e1 n\u00e3o conseguir utilizar estas ferramentas de partilha. Recomendamos que consulte as pol\u00edticas de privacidade de cada rede social para ver quais s\u00e3o esses cookies e conhecer como s\u00e3o usadas as informa\u00e7\u00f5es adquiridas por esta via.   <\/p>\t\t\t\t\t\t\t\t<\/div>\n\t\t\t\t<div class=\"elementor-element elementor-element-bfb7d28 elementor-widget elementor-widget-text-editor\" data-id=\"bfb7d28\" data-element_type=\"widget\" data-e-type=\"widget\" data-widget_type=\"text-editor.default\">\n\t\t\t\t\t\t\t\t\t<ul class=\"ul1\"><li class=\"li1\"><span class=\"s2\">META (<a href=\"https:\/\/www.facebook.com\/privacy\/policy\/\" target=\"_blank\" rel=\"noopener\">Facebook<\/a> \/ <a href=\"https:\/\/privacycenter.instagram.com\/policy\/\" target=\"_blank\" rel=\"noopener\">Instagram<\/a>)<\/span><\/li><li class=\"li1\"><a href=\"https:\/\/policy.pinterest.com\/pt-pt\/privacy-policy\" target=\"_blank\" rel=\"noopener\"><span class=\"s2\">Pinterest<\/span><\/a><\/li><\/ul>\t\t\t\t\t\t\t\t<\/div>\n\t\t\t\t\t<\/div>\n\t\t\t\t<\/div>\n\t\t<div class=\"elementor-element elementor-element-8d9590d e-flex e-con-boxed e-con e-child\" data-id=\"8d9590d\" data-element_type=\"container\" data-e-type=\"container\">\n\t\t\t\t\t<div class=\"e-con-inner\">\n\t\t\t\t<div class=\"elementor-element elementor-element-3d21a61 elementor-widget elementor-widget-heading\" data-id=\"3d21a61\" data-element_type=\"widget\" data-e-type=\"widget\" data-widget_type=\"heading.default\">\n\t\t\t\t\t<h2 class=\"elementor-heading-title elementor-size-default\">4. QUE INFORMA\u00c7\u00c3O RECOLHEMOS<\/h2>\t\t\t\t<\/div>\n\t\t\t\t<div class=\"elementor-element elementor-element-27c5fb2 elementor-widget elementor-widget-text-editor\" data-id=\"27c5fb2\" data-element_type=\"widget\" data-e-type=\"widget\" data-widget_type=\"text-editor.default\">\n\t\t\t\t\t\t\t\t\t<p class=\"p1\">Atrav\u00e9s dos cookies, p\u00edxeis e outros sistemas semelhantes, recolhemos informa\u00e7\u00e3o sobre o visitante, a qual pode incluir dados sobre o browser utilizado, o sistema operativo do equipamento de acesso, o site de origem do acesso, a data e hora de acesso, o endere\u00e7o IP, o fornecedor de internet utilizado pelo visitante e outras informa\u00e7\u00f5es deste tipo.<br>A Something Borrowed n\u00e3o tem acesso a esses dados individualmente e apenas os analisa de forma agregada, como informa\u00e7\u00e3o estat\u00edstica e an\u00f3nima. <\/p><p class=\"p1\">A lei diz que podemos armazenar cookies no seu dispositivo se forem estritamente necess\u00e1rios para o funcionamento do site. Para todos os outros tipos de cookies precisamos da sua permiss\u00e3o.<br>Para obtermos o seu consentimento, quando acede ao site \u00e9-lhe apresentado um aviso sobre os cookies e um formul\u00e1rio onde poder\u00e1 definir as suas prefer\u00eancias e decidir como n\u00f3s e os nossos parceiros podemos utilizar os seus dados. <\/p>\t\t\t\t\t\t\t\t<\/div>\n\t\t\t\t\t<\/div>\n\t\t\t\t<\/div>\n\t\t<div class=\"elementor-element elementor-element-61360cf e-flex e-con-boxed e-con e-child\" data-id=\"61360cf\" data-element_type=\"container\" data-e-type=\"container\">\n\t\t\t\t\t<div class=\"e-con-inner\">\n\t\t\t\t<div class=\"elementor-element elementor-element-4fd0721 elementor-widget elementor-widget-heading\" data-id=\"4fd0721\" data-element_type=\"widget\" data-e-type=\"widget\" data-widget_type=\"heading.default\">\n\t\t\t\t\t<h2 class=\"elementor-heading-title elementor-size-default\">5. COMO DESATIVAR OU ELIMINAR COOKIES<\/h2>\t\t\t\t<\/div>\n\t\t\t\t<div class=\"elementor-element elementor-element-67327c9 elementor-widget elementor-widget-text-editor\" data-id=\"67327c9\" data-element_type=\"widget\" data-e-type=\"widget\" data-widget_type=\"text-editor.default\">\n\t\t\t\t\t\t\t\t\t<p class=\"p1\">Al\u00e9m do painel de prefer\u00eancias que lhe \u00e9 apresentado quando acede pela primeira vez ao site, o utilizador por ainda configurar o seu browser para aceitar, recusar ou apagar cookies. Pode fazer essa configura\u00e7\u00e3o no menu \u201cprefer\u00eancias\u201d ou \u201cop\u00e7\u00f5es\u201d do browser que usa. No entanto, em alguns casos, a desativa\u00e7\u00e3o de cookies pode afetar a navega\u00e7\u00e3o no site, impedindo que alguns servi\u00e7os, como a exibi\u00e7\u00e3o de v\u00eddeos ou de conte\u00fados externos, funcionem corretamente.  <\/p><p class=\"p1\">Na sec\u00e7\u00e3o de ajuda do browser, o utilizador encontra tamb\u00e9m informa\u00e7\u00f5es sobre como ativar o \u201cmodo privado\u201d e como bloquear determinados cookies. Saiba como desativar os cookies nos diferentes browsers, nos links abaixo: <\/p>\t\t\t\t\t\t\t\t<\/div>\n\t\t\t\t<div class=\"elementor-element elementor-element-efa7e61 elementor-widget elementor-widget-text-editor\" data-id=\"efa7e61\" data-element_type=\"widget\" data-e-type=\"widget\" data-widget_type=\"text-editor.default\">\n\t\t\t\t\t\t\t\t\t<ul class=\"ul1\"><li class=\"li1\"><span class=\"s1\"><a href=\"https:\/\/support.google.com\/chrome\/answer\/95647?hl=pt\"><span class=\"s2\">CHROME<\/span><\/a><\/span><\/li><li class=\"li1\"><span class=\"s1\"><a href=\"https:\/\/support.mozilla.org\/pt-PT\/kb\/ativar-desativar-cookies-websites-utilizam-monitorizar-preferencias\"><span class=\"s2\">FIREFOX<\/span><\/a><\/span><\/li><li class=\"li2\"><span class=\"s3\"><a href=\"https:\/\/support.apple.com\/pt-pt\/guide\/safari\/sfri11471\/mac\"><span class=\"s2\">SAFARI<\/span><\/a><\/span> (Apple)<\/li><li class=\"li1\"><span class=\"s1\"><a href=\"https:\/\/help.opera.com\/en\/latest\/web-preferences\/#cookies\"><span class=\"s2\">OPERA<\/span><\/a><\/span><\/li><li class=\"li1\"><span class=\"s1\"><a href=\"https:\/\/support.microsoft.com\/pt-pt\/help\/4468242\/microsoft-edge-browsing-data-and-privacy-microsoft-privacy\"><span class=\"s2\">EDGE<\/span><\/a><\/span><\/li><\/ul>\t\t\t\t\t\t\t\t<\/div>\n\t\t\t\t\t<\/div>\n\t\t\t\t<\/div>\n\t\t<div class=\"elementor-element elementor-element-6e885c8 e-flex e-con-boxed e-con e-child\" data-id=\"6e885c8\" data-element_type=\"container\" data-e-type=\"container\">\n\t\t\t\t\t<div class=\"e-con-inner\">\n\t\t\t\t<div class=\"elementor-element elementor-element-2db20a4 elementor-widget elementor-widget-heading\" data-id=\"2db20a4\" data-element_type=\"widget\" data-e-type=\"widget\" data-widget_type=\"heading.default\">\n\t\t\t\t\t<h2 class=\"elementor-heading-title elementor-size-default\">6. CONTACTOS<\/h2>\t\t\t\t<\/div>\n\t\t\t\t<div class=\"elementor-element elementor-element-669e8a4 elementor-widget elementor-widget-text-editor\" data-id=\"669e8a4\" data-element_type=\"widget\" data-e-type=\"widget\" data-widget_type=\"text-editor.default\">\n\t\t\t\t\t\t\t\t\t<p class=\"p1\">Se tiver alguma d\u00favida, se precisar de mais alguma informa\u00e7\u00e3o sobre o tratamento dos dados pessoais que efetuamos ou se quiser exercer os seus direitos enquanto titular dos dados, pode contactar-nos atrav\u00e9s do e-mail: <a href=\"mailto:teresa.perdigao@somethingborrowed.pt\"><span class=\"s1\">teresa.perdigao@somethingborrowed.pt<\/span><\/a><\/p>\t\t\t\t\t\t\t\t<\/div>\n\t\t\t\t\t<\/div>\n\t\t\t\t<\/div>\n\t\t\t\t<\/div>\n\t\t\t\t<\/div>\n\t\t","protected":false},"excerpt":{"rendered":"<p>Pol\u00edtica de Cookies 1. O QUE S\u00c3O COOKIES Os cookies s\u00e3o pequenos ficheiros de texto que podem ser armazenados num computador para fins de manuten\u00e7\u00e3o de registos. Instalamos cookies para permitir que o site funcione corretamente, personalizar conte\u00fados e an\u00fancios, proporcionar funcionalidades das redes sociais e analisar dados de tr\u00e1fego das visitas ao site.Alguns cookies [&hellip;]<\/p>\n","protected":false},"author":1,"featured_media":0,"parent":0,"menu_order":0,"comment_status":"closed","ping_status":"closed","template":"","meta":{"_acf_changed":false,"footnotes":""},"class_list":["post-1597","page","type-page","status-publish","hentry"],"acf":[],"_links":{"self":[{"href":"https:\/\/sb.weshapers.com\/pt-pt\/wp-json\/wp\/v2\/pages\/1597","targetHints":{"allow":["GET"]}}],"collection":[{"href":"https:\/\/sb.weshapers.com\/pt-pt\/wp-json\/wp\/v2\/pages"}],"about":[{"href":"https:\/\/sb.weshapers.com\/pt-pt\/wp-json\/wp\/v2\/types\/page"}],"author":[{"embeddable":true,"href":"https:\/\/sb.weshapers.com\/pt-pt\/wp-json\/wp\/v2\/users\/1"}],"replies":[{"embeddable":true,"href":"https:\/\/sb.weshapers.com\/pt-pt\/wp-json\/wp\/v2\/comments?post=1597"}],"version-history":[{"count":1,"href":"https:\/\/sb.weshapers.com\/pt-pt\/wp-json\/wp\/v2\/pages\/1597\/revisions"}],"predecessor-version":[{"id":1598,"href":"https:\/\/sb.weshapers.com\/pt-pt\/wp-json\/wp\/v2\/pages\/1597\/revisions\/1598"}],"wp:attachment":[{"href":"https:\/\/sb.weshapers.com\/pt-pt\/wp-json\/wp\/v2\/media?parent=1597"}],"curies":[{"name":"wp","href":"https:\/\/api.w.org\/{rel}","templated":true}]}}