{"id":1591,"date":"2026-02-17T11:36:50","date_gmt":"2026-02-17T11:36:50","guid":{"rendered":"https:\/\/sb.weshapers.com\/sobre\/"},"modified":"2026-02-23T11:58:08","modified_gmt":"2026-02-23T11:58:08","slug":"sobre","status":"publish","type":"page","link":"https:\/\/sb.weshapers.com\/pt-pt\/sobre\/","title":{"rendered":"Sobre"},"content":{"rendered":"\t\t<div data-elementor-type=\"wp-page\" data-elementor-id=\"1591\" class=\"elementor elementor-1591 elementor-723\" data-elementor-post-type=\"page\">\n\t\t\t\t<div class=\"elementor-element elementor-element-5a0b1bd e-con-full e-flex e-con e-parent\" data-id=\"5a0b1bd\" data-element_type=\"container\" data-e-type=\"container\" data-settings=\"{&quot;background_background&quot;:&quot;classic&quot;}\">\n\t\t<div class=\"elementor-element elementor-element-0bbb2bb e-flex e-con-boxed e-con e-child\" data-id=\"0bbb2bb\" data-element_type=\"container\" data-e-type=\"container\">\n\t\t\t\t\t<div class=\"e-con-inner\">\n\t\t<div class=\"elementor-element elementor-element-0c814ad e-con-full e-flex e-con e-child\" data-id=\"0c814ad\" data-element_type=\"container\" data-e-type=\"container\">\n\t\t<div class=\"elementor-element elementor-element-0a33b81 e-con-full e-flex e-con e-child\" data-id=\"0a33b81\" data-element_type=\"container\" data-e-type=\"container\">\n\t\t\t\t<div class=\"elementor-element elementor-element-fca58df elementor-widget elementor-widget-html\" data-id=\"fca58df\" data-element_type=\"widget\" data-e-type=\"widget\" data-widget_type=\"html.default\">\n\t\t\t\t\t<div style=\"display:flex;\">\n<svg xmlns=\"http:\/\/www.w3.org\/2000\/svg\" width=\"10\" height=\"10\" viewbox=\"0 0 10 10\" fill=\"none\">\n<circle cx=\"5\" cy=\"5\" r=\"5\" fill=\"#FDD838\"><\/circle>\n<\/svg>\n<\/div>\t\t\t\t<\/div>\n\t\t\t\t<div class=\"elementor-element elementor-element-6262ff2 elementor-widget elementor-widget-heading\" data-id=\"6262ff2\" data-element_type=\"widget\" data-e-type=\"widget\" data-widget_type=\"heading.default\">\n\t\t\t\t\t<h2 class=\"elementor-heading-title elementor-size-default\">Somos a Something Borrowed \n<\/h2>\t\t\t\t<\/div>\n\t\t\t\t<\/div>\n\t\t\t\t<div class=\"elementor-element elementor-element-8fd4462 reveal-text elementor-widget elementor-widget-heading\" data-id=\"8fd4462\" data-element_type=\"widget\" data-e-type=\"widget\" data-widget_type=\"heading.default\">\n\t\t\t\t\t<h1 class=\"elementor-heading-title elementor-size-default\">Destination Wedding Experience Planners &amp; Designers <span class=\"lowlight-tittle\">em<\/span> Portugal. <\/h1>\t\t\t\t<\/div>\n\t\t\t\t<\/div>\n\t\t<div class=\"elementor-element elementor-element-060b31d e-con-full e-flex e-con e-child\" data-id=\"060b31d\" data-element_type=\"container\" data-e-type=\"container\">\n\t\t\t\t<div class=\"elementor-element elementor-element-a1a2165 elementor-widget elementor-widget-text-editor\" data-id=\"a1a2165\" data-element_type=\"widget\" data-e-type=\"widget\" data-widget_type=\"text-editor.default\">\n\t\t\t\t\t\t\t\t\t<p class=\"p1\">Cal\u00e7amos t\u00e9nis, mas no momento certo, trocamos para um par de sapatos de salto, com toda a confian\u00e7a. Assumidamente tech nerds, sabemos desligar, contemplar o mar, o p\u00f4r-do-sol e o melhor que Portugal tem para oferecer na companhia das nossas pessoas. Adoramos viajar, conhecer outros lugares, mas Portugal tem lugar cativo no nosso cora\u00e7\u00e3o \u2013 a comida, a luz, as pessoas, a hospitalidade\u2026  <\/p>\t\t\t\t\t\t\t\t<\/div>\n\t\t\t\t<div class=\"elementor-element elementor-element-22a3f30 elementor-widget elementor-widget-text-editor\" data-id=\"22a3f30\" data-element_type=\"widget\" data-e-type=\"widget\" data-widget_type=\"text-editor.default\">\n\t\t\t\t\t\t\t\t\t<p class=\"p1\">A fronteira com o oceano abre-nos o horizonte e \u00e9 casa, serena-nos e inquieta-nos, d\u00e1-nos alimento e refresca os dias mais quentes com a sua brisa salgada. A <i>alma atl\u00e2ntica<\/i> d\u00e1-nos um mundo, para criarmos o vosso! <\/p>\t\t\t\t\t\t\t\t<\/div>\n\t\t\t\t<\/div>\n\t\t\t\t\t<\/div>\n\t\t\t\t<\/div>\n\t\t\t\t<\/div>\n\t\t<div class=\"elementor-element elementor-element-5b7ea86 e-con-full e-flex e-con e-parent\" data-id=\"5b7ea86\" data-element_type=\"container\" data-e-type=\"container\">\n\t\t\t\t<div class=\"elementor-element elementor-element-9319f4f elementor-widget elementor-widget-image\" data-id=\"9319f4f\" data-element_type=\"widget\" data-e-type=\"widget\" data-widget_type=\"image.default\">\n\t\t\t\t\t\t\t\t\t\t\t\t\t\t\t<img fetchpriority=\"high\" decoding=\"async\" width=\"1600\" height=\"1001\" src=\"https:\/\/sb.weshapers.com\/wp-content\/uploads\/2026\/02\/Moodboard_SB-1-1.jpg\" class=\"attachment-full size-full wp-image-1586\" alt=\"\" srcset=\"https:\/\/sb.weshapers.com\/wp-content\/uploads\/2026\/02\/Moodboard_SB-1-1.jpg 1600w, https:\/\/sb.weshapers.com\/wp-content\/uploads\/2026\/02\/Moodboard_SB-1-1-300x188.jpg 300w, https:\/\/sb.weshapers.com\/wp-content\/uploads\/2026\/02\/Moodboard_SB-1-1-1024x641.jpg 1024w, https:\/\/sb.weshapers.com\/wp-content\/uploads\/2026\/02\/Moodboard_SB-1-1-768x480.jpg 768w, https:\/\/sb.weshapers.com\/wp-content\/uploads\/2026\/02\/Moodboard_SB-1-1-1536x961.jpg 1536w\" sizes=\"(max-width: 1600px) 100vw, 1600px\" \/>\t\t\t\t\t\t\t\t\t\t\t\t\t\t\t<\/div>\n\t\t\t\t<\/div>\n\t\t<div class=\"elementor-element elementor-element-e44029b e-flex e-con-boxed e-con e-parent\" data-id=\"e44029b\" data-element_type=\"container\" data-e-type=\"container\">\n\t\t\t\t\t<div class=\"e-con-inner\">\n\t\t<div class=\"elementor-element elementor-element-c3683f1 e-con-full e-flex e-con e-child\" data-id=\"c3683f1\" data-element_type=\"container\" data-e-type=\"container\">\n\t\t\t\t<div class=\"elementor-element elementor-element-5c37f0f load-reveal-cortina elementor-widget elementor-widget-image\" data-id=\"5c37f0f\" data-element_type=\"widget\" data-e-type=\"widget\" data-widget_type=\"image.default\">\n\t\t\t\t\t\t\t\t\t\t\t\t\t\t\t<img decoding=\"async\" width=\"800\" height=\"1199\" src=\"https:\/\/sb.weshapers.com\/wp-content\/uploads\/2026\/02\/Something-Borrowed-destination-wedding-experience_Teresa_Perdigao.jpeg\" class=\"attachment-full size-full wp-image-1587\" alt=\"\" srcset=\"https:\/\/sb.weshapers.com\/wp-content\/uploads\/2026\/02\/Something-Borrowed-destination-wedding-experience_Teresa_Perdigao.jpeg 800w, https:\/\/sb.weshapers.com\/wp-content\/uploads\/2026\/02\/Something-Borrowed-destination-wedding-experience_Teresa_Perdigao-200x300.jpeg 200w, https:\/\/sb.weshapers.com\/wp-content\/uploads\/2026\/02\/Something-Borrowed-destination-wedding-experience_Teresa_Perdigao-683x1024.jpeg 683w, https:\/\/sb.weshapers.com\/wp-content\/uploads\/2026\/02\/Something-Borrowed-destination-wedding-experience_Teresa_Perdigao-768x1151.jpeg 768w\" sizes=\"(max-width: 800px) 100vw, 800px\" \/>\t\t\t\t\t\t\t\t\t\t\t\t\t\t\t<\/div>\n\t\t\t\t<\/div>\n\t\t<div class=\"elementor-element elementor-element-4cccdfa e-con-full e-flex e-con e-child\" data-id=\"4cccdfa\" data-element_type=\"container\" data-e-type=\"container\">\n\t\t<div class=\"elementor-element elementor-element-d493040 e-con-full e-flex e-con e-child\" data-id=\"d493040\" data-element_type=\"container\" data-e-type=\"container\">\n\t\t<div class=\"elementor-element elementor-element-8060992 e-con-full e-flex e-con e-child\" data-id=\"8060992\" data-element_type=\"container\" data-e-type=\"container\">\n\t\t\t\t<div class=\"elementor-element elementor-element-d5bfee3 elementor-widget elementor-widget-html\" data-id=\"d5bfee3\" data-element_type=\"widget\" data-e-type=\"widget\" data-widget_type=\"html.default\">\n\t\t\t\t\t<div style=\"display:flex;\">\n<svg xmlns=\"http:\/\/www.w3.org\/2000\/svg\" width=\"10\" height=\"10\" viewbox=\"0 0 10 10\" fill=\"none\">\n<circle cx=\"5\" cy=\"5\" r=\"5\" fill=\"#FDD838\"><\/circle>\n<\/svg>\n<\/div>\t\t\t\t<\/div>\n\t\t\t\t<div class=\"elementor-element elementor-element-067262a elementor-widget elementor-widget-heading\" data-id=\"067262a\" data-element_type=\"widget\" data-e-type=\"widget\" data-widget_type=\"heading.default\">\n\t\t\t\t\t<h2 class=\"elementor-heading-title elementor-size-default\">Foodie, viajante, wedding lover (and planner) <\/h2>\t\t\t\t<\/div>\n\t\t\t\t<\/div>\n\t\t\t\t<div class=\"elementor-element elementor-element-e5ab0a6 reveal-text elementor-widget elementor-widget-heading\" data-id=\"e5ab0a6\" data-element_type=\"widget\" data-e-type=\"widget\" data-widget_type=\"heading.default\">\n\t\t\t\t\t<h1 class=\"elementor-heading-title elementor-size-default\">Teresa Perdig\u00e3o<\/h1>\t\t\t\t<\/div>\n\t\t\t\t<\/div>\n\t\t<div class=\"elementor-element elementor-element-5c99d33 e-con-full e-flex e-con e-child\" data-id=\"5c99d33\" data-element_type=\"container\" data-e-type=\"container\">\n\t\t\t\t<div class=\"elementor-element elementor-element-1615c81 elementor-widget elementor-widget-text-editor\" data-id=\"1615c81\" data-element_type=\"widget\" data-e-type=\"widget\" data-widget_type=\"text-editor.default\">\n\t\t\t\t\t\t\t\t\t<p class=\"p1\">Formei-me em Ci\u00eancias da Comunica\u00e7\u00e3o mas nunca me senti atra\u00edda pelo jornalismo. Em vez disso, segui a \u00e1rea de comunica\u00e7\u00e3o institucional, recursos humanos e marketing \u2013 sempre na perspectiva da ci\u00eancia comportamental.<br>Quando percebi que os eventos eram o caminho certo para mim, fiz uma p\u00f3s-gradua\u00e7\u00e3o em Imagem, Protocolo e Organiza\u00e7\u00e3o de Eventos, que acabou por se tornar a pedra basilar para a cria\u00e7\u00e3o da <span class=\"highlight-txt\">Something Borrowed.<\/span>  <\/p>\t\t\t\t\t\t\t\t<\/div>\n\t\t\t\t<div class=\"elementor-element elementor-element-fccc0e1 elementor-widget elementor-widget-text-editor\" data-id=\"fccc0e1\" data-element_type=\"widget\" data-e-type=\"widget\" data-widget_type=\"text-editor.default\">\n\t\t\t\t\t\t\t\t\t<p class=\"p1\">Persist\u00eancia, organiza\u00e7\u00e3o e curiosidade s\u00e3o, muito provavelmente, os meus pontos mais fortes.<\/p><p class=\"p1\">Sou viciada em detalhes e adoro descobrir a melhor forma de juntar ideias soltas com o balan\u00e7o perfeito para cada experi\u00eancia que ajudo a criar \u2013 algo t\u00e3o natural para mim como respirar.<\/p>\t\t\t\t\t\t\t\t<\/div>\n\t\t\t\t<div class=\"elementor-element elementor-element-6f44873 elementor-widget elementor-widget-text-editor\" data-id=\"6f44873\" data-element_type=\"widget\" data-e-type=\"widget\" data-widget_type=\"text-editor.default\">\n\t\t\t\t\t\t\t\t\t<p class=\"p1\">Os factos importam, e ter um plano \u00e9 essencial, mas s\u00e3o as emo\u00e7\u00f5es que me servem de b\u00fassola e sempre me apontaram na dire\u00e7\u00e3o certa.<\/p><p class=\"p1\">Sou uma foodie confessa, constantemente \u00e0 procura dos melhores recantos para um petisco em boa companhia, e uma colecionadora de destinos, acumulando experi\u00eancias e sensa\u00e7\u00f5es que ainda hoje levo comigo.<\/p>\t\t\t\t\t\t\t\t<\/div>\n\t\t\t\t<div class=\"elementor-element elementor-element-7bbaaca elementor-widget elementor-widget-text-editor\" data-id=\"7bbaaca\" data-element_type=\"widget\" data-e-type=\"widget\" data-widget_type=\"text-editor.default\">\n\t\t\t\t\t\t\t\t\t<p class=\"p1\">Mais do que uma wedding planner, sou uma <i>wedding lover<\/i>. Receber, planear e acompanhar os casais, as suas fam\u00edlias e amigos, e partilhar o seu amor e as emo\u00e7\u00f5es de momentos t\u00e3o especiais \u00e9 um enorme privil\u00e9gio. <\/p>\t\t\t\t\t\t\t\t<\/div>\n\t\t\t\t<\/div>\n\t\t\t\t<\/div>\n\t\t\t\t\t<\/div>\n\t\t\t\t<\/div>\n\t\t<div class=\"elementor-element elementor-element-6b0e799 e-con-full e-flex e-con e-parent\" data-id=\"6b0e799\" data-element_type=\"container\" data-e-type=\"container\">\n\t\t<div class=\"elementor-element elementor-element-a64caa3 e-flex e-con-boxed e-con e-child\" data-id=\"a64caa3\" data-element_type=\"container\" data-e-type=\"container\" data-settings=\"{&quot;background_background&quot;:&quot;classic&quot;}\">\n\t\t\t\t\t<div class=\"e-con-inner\">\n\t\t<div class=\"elementor-element elementor-element-f525e58 e-con-full e-flex e-con e-child\" data-id=\"f525e58\" data-element_type=\"container\" data-e-type=\"container\">\n\t\t<div class=\"elementor-element elementor-element-f7caa6b e-con-full e-flex e-con e-child\" data-id=\"f7caa6b\" data-element_type=\"container\" data-e-type=\"container\">\n\t\t\t\t<div class=\"elementor-element elementor-element-bacb572 elementor-widget elementor-widget-heading\" data-id=\"bacb572\" data-element_type=\"widget\" data-e-type=\"widget\" data-widget_type=\"heading.default\">\n\t\t\t\t\t<h2 class=\"elementor-heading-title elementor-size-default\">Fun fact #1\n<\/h2>\t\t\t\t<\/div>\n\t\t\t\t<div class=\"elementor-element elementor-element-c542044 elementor-widget elementor-widget-text-editor\" data-id=\"c542044\" data-element_type=\"widget\" data-e-type=\"widget\" data-widget_type=\"text-editor.default\">\n\t\t\t\t\t\t\t\t\t<p class=\"p1\">Tenho descend\u00eancia arm\u00e9nia (um trisav\u00f4, que emigrou para o Reino Unido), e um dia comprei, num leil\u00e3o de obras de arte, um quadro de um pintor franc\u00eas que, mais tarde, percebi que tinha o mesmo apelido arm\u00e9nio que a minha fam\u00edlia usava e que deixou de usar para n\u00e3o atrair aten\u00e7\u00f5es indesejadas.<b> <\/b><\/p>\t\t\t\t\t\t\t\t<\/div>\n\t\t\t\t<\/div>\n\t\t\t\t<div class=\"elementor-element elementor-element-373b379 load-reveal-cortina elementor-widget elementor-widget-image\" data-id=\"373b379\" data-element_type=\"widget\" data-e-type=\"widget\" data-widget_type=\"image.default\">\n\t\t\t\t\t\t\t\t\t\t\t\t\t\t\t<img decoding=\"async\" width=\"600\" height=\"900\" src=\"https:\/\/sb.weshapers.com\/wp-content\/uploads\/2026\/02\/Something-Borrowed-destination-wedding-experience_13.jpg\" class=\"attachment-full size-full wp-image-1588\" alt=\"\" srcset=\"https:\/\/sb.weshapers.com\/wp-content\/uploads\/2026\/02\/Something-Borrowed-destination-wedding-experience_13.jpg 600w, https:\/\/sb.weshapers.com\/wp-content\/uploads\/2026\/02\/Something-Borrowed-destination-wedding-experience_13-200x300.jpg 200w\" sizes=\"(max-width: 600px) 100vw, 600px\" \/>\t\t\t\t\t\t\t\t\t\t\t\t\t\t\t<\/div>\n\t\t\t\t<\/div>\n\t\t<div class=\"elementor-element elementor-element-ba8d5dd e-con-full e-flex e-con e-child\" data-id=\"ba8d5dd\" data-element_type=\"container\" data-e-type=\"container\">\n\t\t\t\t<div class=\"elementor-element elementor-element-51ed6a2 elementor-widget elementor-widget-image\" data-id=\"51ed6a2\" data-element_type=\"widget\" data-e-type=\"widget\" data-widget_type=\"image.default\">\n\t\t\t\t\t\t\t\t\t\t\t\t\t\t\t<img loading=\"lazy\" decoding=\"async\" width=\"540\" height=\"1024\" src=\"https:\/\/sb.weshapers.com\/wp-content\/uploads\/2026\/02\/Ilustracoes-Nice_Barco-540x1024.png\" class=\"attachment-large size-large wp-image-1589\" alt=\"\" srcset=\"https:\/\/sb.weshapers.com\/wp-content\/uploads\/2026\/02\/Ilustracoes-Nice_Barco-540x1024.png 540w, https:\/\/sb.weshapers.com\/wp-content\/uploads\/2026\/02\/Ilustracoes-Nice_Barco-158x300.png 158w, https:\/\/sb.weshapers.com\/wp-content\/uploads\/2026\/02\/Ilustracoes-Nice_Barco.png 600w\" sizes=\"(max-width: 540px) 100vw, 540px\" \/>\t\t\t\t\t\t\t\t\t\t\t\t\t\t\t<\/div>\n\t\t\t\t<\/div>\n\t\t<div class=\"elementor-element elementor-element-53ae3ea e-con-full e-flex e-con e-child\" data-id=\"53ae3ea\" data-element_type=\"container\" data-e-type=\"container\">\n\t\t\t\t<div class=\"elementor-element elementor-element-5e56731 load-reveal-cortina elementor-widget elementor-widget-image\" data-id=\"5e56731\" data-element_type=\"widget\" data-e-type=\"widget\" data-widget_type=\"image.default\">\n\t\t\t\t\t\t\t\t\t\t\t\t\t\t\t<img loading=\"lazy\" decoding=\"async\" width=\"600\" height=\"900\" src=\"https:\/\/sb.weshapers.com\/wp-content\/uploads\/2026\/02\/Something-Borrowed-destination-wedding-experience_12.jpg\" class=\"attachment-large size-large wp-image-1590\" alt=\"\" srcset=\"https:\/\/sb.weshapers.com\/wp-content\/uploads\/2026\/02\/Something-Borrowed-destination-wedding-experience_12.jpg 600w, https:\/\/sb.weshapers.com\/wp-content\/uploads\/2026\/02\/Something-Borrowed-destination-wedding-experience_12-200x300.jpg 200w\" sizes=\"(max-width: 600px) 100vw, 600px\" \/>\t\t\t\t\t\t\t\t\t\t\t\t\t\t\t<\/div>\n\t\t<div class=\"elementor-element elementor-element-fa9c253 e-con-full e-flex e-con e-child\" data-id=\"fa9c253\" data-element_type=\"container\" data-e-type=\"container\">\n\t\t\t\t<div class=\"elementor-element elementor-element-8057245 elementor-widget elementor-widget-heading\" data-id=\"8057245\" data-element_type=\"widget\" data-e-type=\"widget\" data-widget_type=\"heading.default\">\n\t\t\t\t\t<h2 class=\"elementor-heading-title elementor-size-default\">Fun fact #2\n<\/h2>\t\t\t\t<\/div>\n\t\t\t\t<div class=\"elementor-element elementor-element-5211205 elementor-widget elementor-widget-text-editor\" data-id=\"5211205\" data-element_type=\"widget\" data-e-type=\"widget\" data-widget_type=\"text-editor.default\">\n\t\t\t\t\t\t\t\t\t<p class=\"p1\">Fui assistente de bordo e chefe de cabine, fiz um curso de jovem agricultora e tirei uma certifica\u00e7\u00e3o avan\u00e7ada para poder mergulhar nas Gal\u00e1pagos. Qual ser\u00e1 a pr\u00f3xima aventura no meu tempo livre? <\/p>\t\t\t\t\t\t\t\t<\/div>\n\t\t\t\t<\/div>\n\t\t\t\t<\/div>\n\t\t\t\t\t<\/div>\n\t\t\t\t<\/div>\n\t\t\t\t<\/div>\n\t\t\t\t<\/div>\n\t\t","protected":false},"excerpt":{"rendered":"<p>Somos a Something Borrowed Destination Wedding Experience Planners &amp; Designers em Portugal. Cal\u00e7amos t\u00e9nis, mas no momento certo, trocamos para um par de sapatos de salto, com toda a confian\u00e7a. Assumidamente tech nerds, sabemos desligar, contemplar o mar, o p\u00f4r-do-sol e o melhor que Portugal tem para oferecer na companhia das nossas pessoas. Adoramos viajar, [&hellip;]<\/p>\n","protected":false},"author":1,"featured_media":0,"parent":0,"menu_order":0,"comment_status":"closed","ping_status":"closed","template":"","meta":{"_acf_changed":false,"footnotes":""},"class_list":["post-1591","page","type-page","status-publish","hentry"],"acf":[],"_links":{"self":[{"href":"https:\/\/sb.weshapers.com\/pt-pt\/wp-json\/wp\/v2\/pages\/1591","targetHints":{"allow":["GET"]}}],"collection":[{"href":"https:\/\/sb.weshapers.com\/pt-pt\/wp-json\/wp\/v2\/pages"}],"about":[{"href":"https:\/\/sb.weshapers.com\/pt-pt\/wp-json\/wp\/v2\/types\/page"}],"author":[{"embeddable":true,"href":"https:\/\/sb.weshapers.com\/pt-pt\/wp-json\/wp\/v2\/users\/1"}],"replies":[{"embeddable":true,"href":"https:\/\/sb.weshapers.com\/pt-pt\/wp-json\/wp\/v2\/comments?post=1591"}],"version-history":[{"count":1,"href":"https:\/\/sb.weshapers.com\/pt-pt\/wp-json\/wp\/v2\/pages\/1591\/revisions"}],"predecessor-version":[{"id":1594,"href":"https:\/\/sb.weshapers.com\/pt-pt\/wp-json\/wp\/v2\/pages\/1591\/revisions\/1594"}],"wp:attachment":[{"href":"https:\/\/sb.weshapers.com\/pt-pt\/wp-json\/wp\/v2\/media?parent=1591"}],"curies":[{"name":"wp","href":"https:\/\/api.w.org\/{rel}","templated":true}]}}